{"id":71,"date":"2024-07-17T13:54:13","date_gmt":"2024-07-17T13:54:13","guid":{"rendered":"https:\/\/akratlan.com\/product\/himalaya-range\/"},"modified":"2024-09-13T13:15:00","modified_gmt":"2024-09-13T13:15:00","slug":"language-of-andromeda-aliens","status":"publish","type":"product","link":"https:\/\/akratlan.com\/hr\/proizvod\/language-of-andromeda-aliens\/","title":{"rendered":"Jezik vanzemaljaca Andromede"},"content":{"rendered":"<p class=\"translation-block\">Tre\u0107a objavljena knjiga i tako\u0111er \u201cumjetni jezik\u201d je \u201cJezik vanzemaljaca s Andromede\u201d pod nazivom Malagu Veroy koju sam po\u010deo pisati 20 godina nakon \u201cbliskog susreta tre\u0107e vrste\u201d s njima u autobusu. Rije\u010di koje sam prilagodio odnose se na planet Zemlju koji sam kanalizirao poku\u0161avaju\u0107i se prisjetiti ili uspostaviti astralni kontakt s njima. Prvo \u0107u opisati susret. Bliski susret tre\u0107e vrste u autobusu 1998.<br>\nBliski susret tre\u0107e vrste \u2013 incident tijekom no\u0107ne vo\u017enje autobusom s biv\u0161om ma\u0107ehom prema Zadru, u 1 sat ujutro, 2. srpnja 1998., mjesto Jasenice kod Masleni\u010dkog mosta.<\/p>\n<p>UPOZORENJE! Po\u0161tovano \u010ditateljstvo, u ovom slu\u010daju \u010ditate stvarni istiniti \u017eivotopis, ovo nije jo\u0161 jedna epizoda Dylan Doga i niste svratili u Cinestar! Tu ve\u010der ma\u0161tao sam da idem u Afriku na Safari ne bi li \u010dudne \u017eivotinje vidio i govorio sam ma\u0107ehi kad sam gledao kroz prozor autobusa uspore\u0111uju\u0107i grmove, drve\u0107a i \u017ebunje s egzoti\u010dnim \u017eivotinjama koje u ovom \u017eivotu za tada\u0161nje vrijeme jo\u0161 uvijek vidio nisam: \u201cSonja vidi lavovi, Sonja vidi \u017eirafe, Sonja vidi slonovi, Sonja vidi nosorozi!\u201d<\/p>\n<p>To bija\u0161e tako prvih nekoliko sati vo\u017enje. Nakon prolaska onog velebitskog dijela prema Masleni\u010dkom mostu, mi smo sjedili na desnoj strani autobusa; to je bio starinski autobus s onim \u017eutim gumiranim tapetama, nije bilo one gornje police za stvari, kroz prozor lijevo od mene prvo sam vidio dvije dvogrbe deve kako stoje i svijetle u mraku, najvjerojatnije figure ili plakati, iako ne znam \u0161to bi to slu\u017eilo tamo, a koju minutu nakon s desne strane bijela ku\u0107a katnica, balkon s mramornim stubovima od kojih se sastojala ta ograda, na balkon kroz svjetlosnu izmaglicu izlazi zeleni frogy humanoid, ja upirem prstom i vi\u010dem: \u201cSonja, kakav li je ono svemirac?\u201d, Sonja ne slu\u0161a.<\/p>\n<p>Par minuta poslije doista se dogodio safari. Naime, one \u017eute tapete iznad prozora po\u010dele su bubriti i pucati, a iz njih izlaziti zelene romboidne glave s licem u obliku kru\u0161ke, onako neka gusta svijetlozelena boja, \u017eute okrugle o\u010di s o\u010dnim zjenicama bez o\u010dnih kapaka, bez nosa i bez u\u0161iju, sa zape\u010da\u0107enom roza nasmije\u0161enom usnom, prije bih rekao da je to roza pigmentacija u obliku nasmije\u0161ene usne, s malim kao udubljenjem, na crnim ljigavim vratovima koji su kao sluzavi, obujma tankih cijevi za kupatilo, ostatak tijela je u tom presijecanju prostora i ne vidi se, glasovanje ne\u0161to kao unjkavo nji\u0161tanje zatvorenih usta.<br \/>\nBilo je njih vi\u0161e. Pitao sam Sonju \u0161to je to upiru\u0107i prsti\u0107em, a Sonja da mi zama\u017ee do\u017eivljaj odgovorila je: \u201cSjene, to je samo od velikog mraka pa su na\u0161e sjene tako izbile napolje\u201d, a mene jo\u0161 vi\u0161e \u010dudi kako sjene preuzimaju takav oblik i one imaju tako\u0111er svoju sjenu, a nedugo nakon toga da je starija gospo\u0111a s viklerskom frizurom koja je s malom djevoj\u010dicom plave kose sjedila na sjedalu ispred nas dobila s tom glavom \u0161amar u glavu, na \u0161to je odmahnula rukom i rekla: \u201cO moj Bo\u017ee!\u201d, a Sonja odmah kako je njoj sjena udarila u glavu.<\/p>\n<p>Kasnije, kad smo ve\u0107 izlazili iz autobusa, kad je stigao u Zadar, oni su se po\u010deli povla\u010diti prema unutra, a ja sam pitao Sonju mogu li se sjene podragati, a ona \u0107e mi na to samo da ja mogu njezinu, a ona svoju i lagala me da je zatvoren prozor da se kao ne mo\u017ee, a onda sama i\u0161la rukom po licu tog zelenoglavog neobi\u010dnika pipati.<\/p>\n<p>Kako su reagirali putnici ostali? Koliko znam, nije bilo neke uznemirenosti ni vriske, a meni je to \u010dak djelovalo normalno jer bio sam dijete od 5 godina, a logiku stvarnosti i nemogu\u0107eg nau\u010dio sam tek u osnovnoj \u0161koli.<\/p>\n<p>Sa 17 godina po\u010deo sam si to osvje\u0161tavati, slikaju\u0107i ih, izra\u0111uju\u0107i njihove skulpture i poku\u0161avaju\u0107i sam sebi objasniti \u0161to se dogodilo i tada sam shvatio koliko ljudska bi\u0107a jako malo znaju i koliko je u su\u0161tini ljudska znanost ograni\u010dena.<\/p>\n<p>Motiviran time, po\u010deo sam sastavljati kanaliziraju\u0107i ga kroz poseban oblik meditacije, taj jezik koji sam nazvao Malag\u016b V\u0113r\u014dy ili Jezik vanzemaljaca Andromede.<\/p>","protected":false},"excerpt":{"rendered":"<p>Otkrijte <em>The Language of Andromeda Aliens<\/em>( Jezik vanzemaljaca Andromede ), izvanrednu knjigu inspiriranu bliskim susretom tre\u0107e vrste iz 1998. godine. Ova knjiga opisuje autorovo iskustvo s izvanzemaljcima tijekom no\u0107ne vo\u017enje autobusom, \u0161to je dovelo do stvaranja Malag\u016b V\u0113r\u014dya, umjetnog jezika koji kanalizira zna\u010denja iz astralnog kontakta. Kombiniraju\u0107i istinitu biografiju s lingvisti\u010dkom inovativno\u0161\u0107u, ova zadivljuju\u0107a pri\u010da otkriva misterije kozmosa i granice ljudskog znanja.<\/p>","protected":false},"featured_media":161,"comment_status":"open","ping_status":"closed","template":"","meta":{"_kadence_starter_templates_imported_post":true,"_kad_post_transparent":"default","_kad_post_title":"","_kad_post_layout":"default","_kad_post_sidebar_id":"","_kad_post_content_style":"default","_kad_post_vertical_padding":"default","_kad_post_feature":"","_kad_post_feature_position":"","_kad_post_header":false,"_kad_post_footer":false,"_kad_post_classname":""},"product_brand":[],"product_cat":[59],"product_tag":[58,42,56,25,49,52,54,45,43,48,29,57,55,50,47,53,51,44,46],"class_list":{"0":"post-71","1":"product","2":"type-product","3":"status-publish","4":"has-post-thumbnail","6":"product_cat-lord-ungupulu-galactic-sci-fi-adventure","7":"product_tag-alien-encounter","8":"product_tag-alien-language","9":"product_tag-andromeda-aliens","10":"product_tag-artificial-language","11":"product_tag-astral-contact","12":"product_tag-biography","13":"product_tag-close-encounter-of-the-third-kind","14":"product_tag-cosmic-mystery","15":"product_tag-extraterre","16":"product_tag-extraterrestrial-communication","17":"product_tag-language-creation","18":"product_tag-linguistic-innovation","19":"product_tag-malagu-veroy","20":"product_tag-night-bus-ride","21":"product_tag-sci-fi-experience","22":"product_tag-strial-encounter","23":"product_tag-true-encounter","24":"product_tag-unexplained-phenomena","25":"product_tag-zadar","27":"first","28":"instock","29":"downloadable","30":"virtual","31":"purchasable","32":"product-type-simple","33":"entry","34":"content-bg","35":"loop-entry"},"aioseo_notices":[],"_links":{"self":[{"href":"https:\/\/akratlan.com\/hr\/wp-json\/wp\/v2\/product\/71","targetHints":{"allow":["GET"]}}],"collection":[{"href":"https:\/\/akratlan.com\/hr\/wp-json\/wp\/v2\/product"}],"about":[{"href":"https:\/\/akratlan.com\/hr\/wp-json\/wp\/v2\/types\/product"}],"replies":[{"embeddable":true,"href":"https:\/\/akratlan.com\/hr\/wp-json\/wp\/v2\/comments?post=71"}],"wp:featuredmedia":[{"embeddable":true,"href":"https:\/\/akratlan.com\/hr\/wp-json\/wp\/v2\/media\/161"}],"wp:attachment":[{"href":"https:\/\/akratlan.com\/hr\/wp-json\/wp\/v2\/media?parent=71"}],"wp:term":[{"taxonomy":"product_brand","embeddable":true,"href":"https:\/\/akratlan.com\/hr\/wp-json\/wp\/v2\/product_brand?post=71"},{"taxonomy":"product_cat","embeddable":true,"href":"https:\/\/akratlan.com\/hr\/wp-json\/wp\/v2\/product_cat?post=71"},{"taxonomy":"product_tag","embeddable":true,"href":"https:\/\/akratlan.com\/hr\/wp-json\/wp\/v2\/product_tag?post=71"}],"curies":[{"name":"wp","href":"https:\/\/api.w.org\/{rel}","templated":true}]}}