{"id":63,"date":"2024-07-17T13:54:13","date_gmt":"2024-07-17T13:54:13","guid":{"rendered":"https:\/\/akratlan.com\/product\/fuji-line\/"},"modified":"2025-05-28T01:18:34","modified_gmt":"2025-05-28T01:18:34","slug":"xarevas-language","status":"publish","type":"product","link":"https:\/\/akratlan.com\/hr\/proizvod\/xarevas-language\/","title":{"rendered":"Xarev\u0101s Azyk"},"content":{"rendered":"<p>Xarev\u0101s Azyk,izgovara se harevas, nastajao je osam godina iz \u017eelje da se stvori umjetni jezik koji bi bio misti\u010dan i nalik hrvatskom jeziku, tako da se sastoji od modificiranih kajkavskih i \u010dakavskih rije\u010di, dosta posu\u0111enica iz izumrla bodulska cakavica Krka i Raba, poznatija kao Gan Veyan, isto\u010dnoslavenski i zapadnoslavenski izrazi, na slavenskom korijenu razne novotvorbe, razne izolirane izmi\u0161ljene rije\u010di. Izra\u0111en je tako da djelomi\u010dno podsje\u0107a na bugarski i makedonski. Ima magi\u010dnu i o\u010daravaju\u0107u auru, podsje\u0107a na hrvatski ali nije hrvatski, podsje\u0107a na staroslavenski i ruski ali opet odudara od njih, i ja sam kao autor zadivljen tim \u010dudom, jednostavno mi je su\u0111eno da ga stvorim, jednostavno je fantasti\u010dan.<\/p>\n<p>Pro\u010ditajte, prou\u010dite pa se uvjerite je li moj stvarala\u010dki dojam ispravan.<\/p>","protected":false},"excerpt":{"rendered":"<p>Xarev\u0101s Azyk je misti\u010dni umjetni jezik inspiriran hrvatskim jezikom, koji spaja kajkavsko i \u010dakavsko narje\u010dje, izumrli kr\u010dki i rapski dijalekt te slavenske izraze. Po uzoru na bugarski i makedonski, nudi jedinstveno i o\u010daravaju\u0107e jezi\u010dno iskustvo.<\/p>","protected":false},"featured_media":160,"comment_status":"open","ping_status":"closed","template":"","meta":{"_kadence_starter_templates_imported_post":true,"_kad_post_transparent":"default","_kad_post_title":"","_kad_post_layout":"default","_kad_post_sidebar_id":"","_kad_post_content_style":"default","_kad_post_vertical_padding":"default","_kad_post_feature":"","_kad_post_feature_position":"","_kad_post_header":false,"_kad_post_footer":false,"_kad_post_classname":""},"product_brand":[],"product_cat":[17],"product_tag":[25,36,32,26,30,33,31,29,37,27,28,35,34],"class_list":{"0":"post-63","1":"product","2":"type-product","3":"status-publish","4":"has-post-thumbnail","6":"product_cat-artificial-languages","7":"product_tag-artificial-language","8":"product_tag-bulgarian-influence","9":"product_tag-cakavian-dialect","10":"product_tag-constructed-language","11":"product_tag-croatian-language","12":"product_tag-east-slavic","13":"product_tag-kajkavian-dialect","14":"product_tag-language-creation","15":"product_tag-macedonian-influence","16":"product_tag-mystical-language","17":"product_tag-slavic-language","18":"product_tag-unique-language","19":"product_tag-west-slavic","21":"first","22":"instock","23":"downloadable","24":"virtual","25":"purchasable","26":"product-type-simple","27":"entry","28":"content-bg","29":"loop-entry"},"aioseo_notices":[],"_links":{"self":[{"href":"https:\/\/akratlan.com\/hr\/wp-json\/wp\/v2\/product\/63","targetHints":{"allow":["GET"]}}],"collection":[{"href":"https:\/\/akratlan.com\/hr\/wp-json\/wp\/v2\/product"}],"about":[{"href":"https:\/\/akratlan.com\/hr\/wp-json\/wp\/v2\/types\/product"}],"replies":[{"embeddable":true,"href":"https:\/\/akratlan.com\/hr\/wp-json\/wp\/v2\/comments?post=63"}],"wp:featuredmedia":[{"embeddable":true,"href":"https:\/\/akratlan.com\/hr\/wp-json\/wp\/v2\/media\/160"}],"wp:attachment":[{"href":"https:\/\/akratlan.com\/hr\/wp-json\/wp\/v2\/media?parent=63"}],"wp:term":[{"taxonomy":"product_brand","embeddable":true,"href":"https:\/\/akratlan.com\/hr\/wp-json\/wp\/v2\/product_brand?post=63"},{"taxonomy":"product_cat","embeddable":true,"href":"https:\/\/akratlan.com\/hr\/wp-json\/wp\/v2\/product_cat?post=63"},{"taxonomy":"product_tag","embeddable":true,"href":"https:\/\/akratlan.com\/hr\/wp-json\/wp\/v2\/product_tag?post=63"}],"curies":[{"name":"wp","href":"https:\/\/api.w.org\/{rel}","templated":true}]}}