{"id":58,"date":"2024-07-17T13:54:09","date_gmt":"2024-07-17T13:54:09","guid":{"rendered":"https:\/\/akratlan.com\/product\/pyrenees-pack\/"},"modified":"2024-09-13T12:59:56","modified_gmt":"2024-09-13T12:59:56","slug":"lord-ungupulu-sci-fi-novel","status":"publish","type":"product","link":"https:\/\/akratlan.com\/hr\/proizvod\/lord-ungupulu-sci-fi-novel\/","title":{"rendered":"Gospodar Ung\u016bp\u016bl\u016b"},"content":{"rendered":"<p><em>Gospodar Ung\u016bp\u016bl\u016b<\/em> Lord Ung\u016bp\u016bl\u016b je vladar Pyrgovna Sarmade, galakti\u010dkog carstva u galaksiji Andromeda. Roman je smje\u0161ten prije 400 milijuna godina na zemaljski planet gdje se ljudi bore protiv zelenoglavih kolonizatora. Dok izazivaju takozvane \"bogove\", na vidjelo izlaze bolne spoznaje o zna\u010denju i cijeni slobode. Ovo znanstveno-fantasti\u010dno remek-djelo napisano je na jeziku G\u0101n Akratl\u0101n, Xarev\u0101s i vanzemaljskom jeziku Andromede, nude\u0107i jedinstveno lingvisti\u010dko iskustvo. Pri\u010da, iako slo\u017eena, prote\u017ee se na samo 11 stranica i doima se poput kinematografske trilogije. Knjiga sadr\u017ei vodi\u010d za lak\u0161e razumijevanje, au dodatnom prilogu detaljno je prikazan istinit doga\u0111aj u Hrvatskoj koji je inspirirao pri\u010du. Nakon kupnje, \u010ditatelji mogu zatra\u017eiti hrvatski prijevod putem e-po\u0161te, iako izvorni jezici imaju dublju dimenziju. Hrvatski prijevod u pdf formatu koji morate zadr\u017eati isklju\u010divo\nza sebe iz po\u0161tovanja prema mojim autorskim pravima, mada\nna hrvatskom nema takvu dimenziju kao na ova tri gore\nnavedena umjetna jezika me\u0111usobno ukri\u017eena u \u0161tivo.<\/p>","protected":false},"excerpt":{"rendered":"<p><em>Gospodar Ung\u016bp\u016bl\u016b<\/em> Lord Ung\u016bp\u016bl\u016b je epski znanstveno-fantasti\u010dni roman smje\u0161ten prije 400 milijuna godina u galaksiju Andromeda, koji prikazuje bitku izme\u0111u ljudi i zelenoglavih kolonizatora. Napisana na jeziku vanzemaljaca G\u0101n Akratl\u0101n, Xarev\u0101s i Andromeda, ova pri\u010da istra\u017euje cijenu slobode i propasti la\u017enih bogova. Hrvatski prijevod dostupan je na zahtjev nakon kupnje.<\/p>","protected":false},"featured_media":163,"comment_status":"open","ping_status":"closed","template":"","meta":{"_kadence_starter_templates_imported_post":true,"_kad_post_transparent":"default","_kad_post_title":"","_kad_post_layout":"default","_kad_post_sidebar_id":"","_kad_post_content_style":"default","_kad_post_vertical_padding":"default","_kad_post_feature":"","_kad_post_feature_position":"","_kad_post_header":false,"_kad_post_footer":false,"_kad_post_classname":""},"product_brand":[],"product_cat":[59],"product_tag":[63,66,62,64,69,74,71,61,38,68,60,73,70,67,72,65],"class_list":{"0":"post-58","1":"product","2":"type-product","3":"status-publish","4":"has-post-thumbnail","6":"product_cat-lord-ungupulu-galactic-sci-fi-adventure","7":"product_tag-alien-colonizers","8":"product_tag-andromeda-alien-language","9":"product_tag-andromeda-galaxy","10":"product_tag-artificial-languages","11":"product_tag-cosmic-exploration","12":"product_tag-croatian-sci-fi","13":"product_tag-futuristic-novel","14":"product_tag-galactic-sci-fi","15":"product_tag-gan-akratlan","16":"product_tag-human-rebellion","17":"product_tag-lord-ungupulu","18":"product_tag-multilingual-novel","19":"product_tag-philosophical-sci-fi","20":"product_tag-sci-fi-adventure","21":"product_tag-sci-fi-trilogy-feel","22":"product_tag-xarevas-language","24":"first","25":"instock","26":"downloadable","27":"virtual","28":"purchasable","29":"product-type-simple","30":"entry","31":"content-bg","32":"loop-entry"},"aioseo_notices":[],"_links":{"self":[{"href":"https:\/\/akratlan.com\/hr\/wp-json\/wp\/v2\/product\/58","targetHints":{"allow":["GET"]}}],"collection":[{"href":"https:\/\/akratlan.com\/hr\/wp-json\/wp\/v2\/product"}],"about":[{"href":"https:\/\/akratlan.com\/hr\/wp-json\/wp\/v2\/types\/product"}],"replies":[{"embeddable":true,"href":"https:\/\/akratlan.com\/hr\/wp-json\/wp\/v2\/comments?post=58"}],"wp:featuredmedia":[{"embeddable":true,"href":"https:\/\/akratlan.com\/hr\/wp-json\/wp\/v2\/media\/163"}],"wp:attachment":[{"href":"https:\/\/akratlan.com\/hr\/wp-json\/wp\/v2\/media?parent=58"}],"wp:term":[{"taxonomy":"product_brand","embeddable":true,"href":"https:\/\/akratlan.com\/hr\/wp-json\/wp\/v2\/product_brand?post=58"},{"taxonomy":"product_cat","embeddable":true,"href":"https:\/\/akratlan.com\/hr\/wp-json\/wp\/v2\/product_cat?post=58"},{"taxonomy":"product_tag","embeddable":true,"href":"https:\/\/akratlan.com\/hr\/wp-json\/wp\/v2\/product_tag?post=58"}],"curies":[{"name":"wp","href":"https:\/\/api.w.org\/{rel}","templated":true}]}}