{"id":67,"date":"2024-07-17T13:54:13","date_gmt":"2024-07-17T13:54:13","guid":{"rendered":"https:\/\/akratlan.com\/product\/sierra-series\/"},"modified":"2026-04-19T22:12:20","modified_gmt":"2026-04-19T22:12:20","slug":"gan-akratlan-language","status":"publish","type":"product","link":"https:\/\/akratlan.com\/en\/product\/gan-akratlan-language\/","title":{"rendered":"G\u0101n Akratl\u0101n"},"content":{"rendered":"<p>G\u0101n Akratl\u0101n, or the Akratl\u0101n language, was created for eight years out of the desire to create an artificial language that would be mystical and resemble the Croatian language, so that it consists of modified Kajkavian and Chakavian words, many borrowed from the extinct Bodjul language of Krk and Rab, better known as Gan Veyan, East Slavic and West Slavic expressions, on the Slavic root of various new creations and various isolated invented words.<\/p>\n<p>It was modeled to be easier to speak than Xarev\u0101s, like its twin brother in small modifications as Serbian to Croatian or Croatian to Serbian, although with slightly bigger differences, let&#8217;s say like Czech and Slovak if we compare them by differences.<\/p>\n<p>&nbsp;<\/p>\n","protected":false},"excerpt":{"rendered":"<div class=\"flex flex-grow flex-col max-w-full\">\n<div class=\"min-h-[20px] text-message flex w-full flex-col items-end gap-2 whitespace-pre-wrap break-words [.text-message+&amp;]:mt-5 overflow-x-auto\" dir=\"auto\" data-message-author-role=\"assistant\" data-message-id=\"fea0f995-5e92-4f4a-9eee-bc341721a055\">\n<div class=\"flex w-full flex-col gap-1 empty:hidden first:pt-[3px]\">\n<div class=\"markdown prose w-full break-words dark:prose-invert light\">\n<p>Discover <em>G\u0101n Akratl\u0101n<\/em>, an artificial language crafted over eight years to be mystical and reminiscent of Croatian. Blending modified Kajkavian and Chakavian words, extinct Bodjul language elements, and East and West Slavic expressions, it offers a unique linguistic experience. Easier to speak than its counterpart Xarev\u0101s, <em>G\u0101n Akratl\u0101n<\/em> is akin to the relationship between Czech and Slovak, making it both familiar and distinct.<\/p>\n<\/div>\n<\/div>\n<\/div>\n<\/div>\n<div class=\"mt-1 flex gap-3 empty:hidden ml-3\">\n<div class=\"items-center justify-start rounded-xl p-1 flex\">\n<div class=\"flex items-center\"><\/div>\n<\/div>\n<\/div>\n","protected":false},"featured_media":158,"comment_status":"open","ping_status":"closed","template":"","meta":{"_kadence_starter_templates_imported_post":true,"_kad_post_transparent":"default","_kad_post_title":"","_kad_post_layout":"default","_kad_post_sidebar_id":"","_kad_post_content_style":"default","_kad_post_vertical_padding":"default","_kad_post_feature":"","_kad_post_feature_position":"","_kad_post_header":false,"_kad_post_footer":false,"_kad_post_classname":""},"product_brand":[],"product_cat":[17],"product_tag":[39,25,26,30,40,38,27,41,28],"class_list":{"0":"post-67","1":"product","2":"type-product","3":"status-publish","4":"has-post-thumbnail","6":"product_cat-artificial-languages","7":"product_tag-akratlan-language","8":"product_tag-artificial-language","9":"product_tag-constructed-language","10":"product_tag-croatian-language","11":"product_tag-czech-and-slovak-comparison","12":"product_tag-gan-akratlan","13":"product_tag-mystical-language","14":"product_tag-serbian-language","15":"product_tag-slavic-language","17":"first","18":"instock","19":"downloadable","20":"virtual","21":"purchasable","22":"product-type-simple","23":"entry","24":"content-bg","25":"loop-entry"},"aioseo_notices":[],"_links":{"self":[{"href":"https:\/\/akratlan.com\/en\/wp-json\/wp\/v2\/product\/67","targetHints":{"allow":["GET"]}}],"collection":[{"href":"https:\/\/akratlan.com\/en\/wp-json\/wp\/v2\/product"}],"about":[{"href":"https:\/\/akratlan.com\/en\/wp-json\/wp\/v2\/types\/product"}],"replies":[{"embeddable":true,"href":"https:\/\/akratlan.com\/en\/wp-json\/wp\/v2\/comments?post=67"}],"wp:featuredmedia":[{"embeddable":true,"href":"https:\/\/akratlan.com\/en\/wp-json\/wp\/v2\/media\/158"}],"wp:attachment":[{"href":"https:\/\/akratlan.com\/en\/wp-json\/wp\/v2\/media?parent=67"}],"wp:term":[{"taxonomy":"product_brand","embeddable":true,"href":"https:\/\/akratlan.com\/en\/wp-json\/wp\/v2\/product_brand?post=67"},{"taxonomy":"product_cat","embeddable":true,"href":"https:\/\/akratlan.com\/en\/wp-json\/wp\/v2\/product_cat?post=67"},{"taxonomy":"product_tag","embeddable":true,"href":"https:\/\/akratlan.com\/en\/wp-json\/wp\/v2\/product_tag?post=67"}],"curies":[{"name":"wp","href":"https:\/\/api.w.org\/{rel}","templated":true}]}}