{"id":63,"date":"2024-07-17T13:54:13","date_gmt":"2024-07-17T13:54:13","guid":{"rendered":"https:\/\/akratlan.com\/product\/fuji-line\/"},"modified":"2025-05-28T01:18:34","modified_gmt":"2025-05-28T01:18:34","slug":"xarevas-language","status":"publish","type":"product","link":"https:\/\/akratlan.com\/en\/product\/xarevas-language\/","title":{"rendered":"Xarev\u0101s Azyk"},"content":{"rendered":"<p>Xarev\u0101s Azyk, or Xarev\u0101s language, pronounced Harevas, was created for eight years out of the desire to create an artificial language that would be mystical and resemble the Croatian language, so that it consists of modified Kajkavian and \u010cakavian words, quite a few borrowed from the extinct &#8220;bodulska cakavica&#8221; of Krk and Rab, better known as Gan Veyan, East Slavic and West Slavic expressions, on the Slavic root of various new creations, various isolated invented words. It is modeled to partially resemble Bulgarian and Macedonian. It has a magical and enchanting aura, it resembles Croatian but it is not Croatian, it resembles Old Slavonic and Russian but again it deviates from them, I as an author myself am amazed by this miracle, I was simply destined to create it, it is simply fantastic.<\/p>\n<p>Read, study and make sure if my creative impression is correct.<\/p>\n","protected":false},"excerpt":{"rendered":"<p>Xarev\u0101s Azyk is a mystical artificial language inspired by Croatian, blending Kajkavian and \u010cakavian dialects, extinct dialect from Krk and Rab, and Slavic expressions. Modeled after Bulgarian and Macedonian, it offers a unique and enchanting linguistic experience.<\/p>\n","protected":false},"featured_media":160,"comment_status":"open","ping_status":"closed","template":"","meta":{"_kadence_starter_templates_imported_post":true,"_kad_post_transparent":"default","_kad_post_title":"","_kad_post_layout":"default","_kad_post_sidebar_id":"","_kad_post_content_style":"default","_kad_post_vertical_padding":"default","_kad_post_feature":"","_kad_post_feature_position":"","_kad_post_header":false,"_kad_post_footer":false,"_kad_post_classname":""},"product_brand":[],"product_cat":[17],"product_tag":[25,36,32,26,30,33,31,29,37,27,28,35,34],"class_list":{"0":"post-63","1":"product","2":"type-product","3":"status-publish","4":"has-post-thumbnail","6":"product_cat-artificial-languages","7":"product_tag-artificial-language","8":"product_tag-bulgarian-influence","9":"product_tag-cakavian-dialect","10":"product_tag-constructed-language","11":"product_tag-croatian-language","12":"product_tag-east-slavic","13":"product_tag-kajkavian-dialect","14":"product_tag-language-creation","15":"product_tag-macedonian-influence","16":"product_tag-mystical-language","17":"product_tag-slavic-language","18":"product_tag-unique-language","19":"product_tag-west-slavic","21":"first","22":"instock","23":"downloadable","24":"virtual","25":"purchasable","26":"product-type-simple","27":"entry","28":"content-bg","29":"loop-entry"},"aioseo_notices":[],"_links":{"self":[{"href":"https:\/\/akratlan.com\/en\/wp-json\/wp\/v2\/product\/63","targetHints":{"allow":["GET"]}}],"collection":[{"href":"https:\/\/akratlan.com\/en\/wp-json\/wp\/v2\/product"}],"about":[{"href":"https:\/\/akratlan.com\/en\/wp-json\/wp\/v2\/types\/product"}],"replies":[{"embeddable":true,"href":"https:\/\/akratlan.com\/en\/wp-json\/wp\/v2\/comments?post=63"}],"wp:featuredmedia":[{"embeddable":true,"href":"https:\/\/akratlan.com\/en\/wp-json\/wp\/v2\/media\/160"}],"wp:attachment":[{"href":"https:\/\/akratlan.com\/en\/wp-json\/wp\/v2\/media?parent=63"}],"wp:term":[{"taxonomy":"product_brand","embeddable":true,"href":"https:\/\/akratlan.com\/en\/wp-json\/wp\/v2\/product_brand?post=63"},{"taxonomy":"product_cat","embeddable":true,"href":"https:\/\/akratlan.com\/en\/wp-json\/wp\/v2\/product_cat?post=63"},{"taxonomy":"product_tag","embeddable":true,"href":"https:\/\/akratlan.com\/en\/wp-json\/wp\/v2\/product_tag?post=63"}],"curies":[{"name":"wp","href":"https:\/\/api.w.org\/{rel}","templated":true}]}}