{"id":58,"date":"2024-07-17T13:54:09","date_gmt":"2024-07-17T13:54:09","guid":{"rendered":"https:\/\/akratlan.com\/product\/pyrenees-pack\/"},"modified":"2024-09-13T12:59:56","modified_gmt":"2024-09-13T12:59:56","slug":"lord-ungupulu-sci-fi-novel","status":"publish","type":"product","link":"https:\/\/akratlan.com\/en\/product\/lord-ungupulu-sci-fi-novel\/","title":{"rendered":"Lord Ung\u016bp\u016bl\u016b"},"content":{"rendered":"<p><em>Lord Ung\u016bp\u016bl\u016b<\/em> is the ruler of Pyrgovna Sarmada, a galactic empire in the Andromeda galaxy. The novel is set 400 million years ago on a terrestrial planet where humans fight against green-headed colonizers. As they challenge the so-called &#8220;gods,&#8221; painful realizations about the meaning and price of freedom come to light. This sci-fi masterpiece is written in G\u0101n Akratl\u0101n, Xarev\u0101s, and the alien language of Andromeda, offering a unique linguistic experience. The story, though complex, spans just 11 pages and feels like a cinematic trilogy. The book includes a guide for easier understanding, and an additional attachment details a true event in Croatia that inspired the story. After purchase, readers can request a Croatian translation via email, though the original languages hold a deeper dimension.<\/p>\n","protected":false},"excerpt":{"rendered":"<p><em>Lord Ung\u016bp\u016bl\u016b<\/em> is an epic sci-fi novel set 400 million years ago in the Andromeda galaxy, featuring a battle between humans and green-headed colonizers. Written in G\u0101n Akratl\u0101n, Xarev\u0101s, and the Andromeda alien language, this story explores the cost of freedom and dismantling false gods. A Croatian translation is available upon request after purchase.<\/p>\n","protected":false},"featured_media":163,"comment_status":"open","ping_status":"closed","template":"","meta":{"_kadence_starter_templates_imported_post":true,"_kad_post_transparent":"default","_kad_post_title":"","_kad_post_layout":"default","_kad_post_sidebar_id":"","_kad_post_content_style":"default","_kad_post_vertical_padding":"default","_kad_post_feature":"","_kad_post_feature_position":"","_kad_post_header":false,"_kad_post_footer":false,"_kad_post_classname":""},"product_brand":[],"product_cat":[59],"product_tag":[63,66,62,64,69,74,71,61,38,68,60,73,70,67,72,65],"class_list":{"0":"post-58","1":"product","2":"type-product","3":"status-publish","4":"has-post-thumbnail","6":"product_cat-lord-ungupulu-galactic-sci-fi-adventure","7":"product_tag-alien-colonizers","8":"product_tag-andromeda-alien-language","9":"product_tag-andromeda-galaxy","10":"product_tag-artificial-languages","11":"product_tag-cosmic-exploration","12":"product_tag-croatian-sci-fi","13":"product_tag-futuristic-novel","14":"product_tag-galactic-sci-fi","15":"product_tag-gan-akratlan","16":"product_tag-human-rebellion","17":"product_tag-lord-ungupulu","18":"product_tag-multilingual-novel","19":"product_tag-philosophical-sci-fi","20":"product_tag-sci-fi-adventure","21":"product_tag-sci-fi-trilogy-feel","22":"product_tag-xarevas-language","24":"first","25":"instock","26":"downloadable","27":"virtual","28":"purchasable","29":"product-type-simple","30":"entry","31":"content-bg","32":"loop-entry"},"aioseo_notices":[],"_links":{"self":[{"href":"https:\/\/akratlan.com\/en\/wp-json\/wp\/v2\/product\/58","targetHints":{"allow":["GET"]}}],"collection":[{"href":"https:\/\/akratlan.com\/en\/wp-json\/wp\/v2\/product"}],"about":[{"href":"https:\/\/akratlan.com\/en\/wp-json\/wp\/v2\/types\/product"}],"replies":[{"embeddable":true,"href":"https:\/\/akratlan.com\/en\/wp-json\/wp\/v2\/comments?post=58"}],"wp:featuredmedia":[{"embeddable":true,"href":"https:\/\/akratlan.com\/en\/wp-json\/wp\/v2\/media\/163"}],"wp:attachment":[{"href":"https:\/\/akratlan.com\/en\/wp-json\/wp\/v2\/media?parent=58"}],"wp:term":[{"taxonomy":"product_brand","embeddable":true,"href":"https:\/\/akratlan.com\/en\/wp-json\/wp\/v2\/product_brand?post=58"},{"taxonomy":"product_cat","embeddable":true,"href":"https:\/\/akratlan.com\/en\/wp-json\/wp\/v2\/product_cat?post=58"},{"taxonomy":"product_tag","embeddable":true,"href":"https:\/\/akratlan.com\/en\/wp-json\/wp\/v2\/product_tag?post=58"}],"curies":[{"name":"wp","href":"https:\/\/api.w.org\/{rel}","templated":true}]}}